{"id":26,"date":"2024-04-10T10:23:53","date_gmt":"2024-04-10T08:23:53","guid":{"rendered":"https:\/\/kozmashoes.temarketinged.hu\/?page_id=26"},"modified":"2024-09-19T16:48:18","modified_gmt":"2024-09-19T14:48:18","slug":"contact","status":"publish","type":"page","link":"https:\/\/kozmashoes.hu\/en\/contact\/","title":{"rendered":"Contact"},"content":{"rendered":"<div data-elementor-type=\"wp-page\" data-elementor-id=\"26\" class=\"elementor elementor-26\" data-elementor-post-type=\"page\">\n\t\t\t\t<div class=\"elementor-element elementor-element-178425a e-flex e-con-boxed e-con e-parent\" data-id=\"178425a\" data-element_type=\"container\" data-settings=\"{&quot;background_background&quot;:&quot;classic&quot;}\">\n\t\t\t\t\t<div class=\"e-con-inner\">\n\t\t\t\t\t<\/div>\n\t\t\t\t<\/div>\n\t\t<div class=\"elementor-element elementor-element-6ccc3e8d e-con-full e-flex e-con e-parent\" data-id=\"6ccc3e8d\" data-element_type=\"container\">\n\t\t\t\t<div class=\"elementor-element elementor-element-5376bb2c elementor-widget__width-initial elementor-widget-mobile__width-initial elementor-widget elementor-widget-heading\" data-id=\"5376bb2c\" data-element_type=\"widget\" data-widget_type=\"heading.default\">\n\t\t\t\t<div class=\"elementor-widget-container\">\n\t\t\t\t\t<h2 class=\"elementor-heading-title elementor-size-default\">Contact information<\/h2>\t\t\t\t<\/div>\n\t\t\t\t<\/div>\n\t\t\t\t<\/div>\n\t\t<div class=\"elementor-element elementor-element-1d42fe77 e-con-full e-flex e-con e-parent\" data-id=\"1d42fe77\" data-element_type=\"container\" data-settings=\"{&quot;background_background&quot;:&quot;classic&quot;}\">\n\t\t<div class=\"elementor-element elementor-element-4e3ccd39 e-con-full e-flex e-con e-child\" data-id=\"4e3ccd39\" data-element_type=\"container\" data-settings=\"{&quot;background_background&quot;:&quot;classic&quot;}\">\n\t\t\t\t<div class=\"elementor-element elementor-element-5a121cf0 elementor-widget elementor-widget-heading\" data-id=\"5a121cf0\" data-element_type=\"widget\" data-widget_type=\"heading.default\">\n\t\t\t\t<div class=\"elementor-widget-container\">\n\t\t\t\t\t<h2 class=\"elementor-heading-title elementor-size-default\">Showroom<\/h2>\t\t\t\t<\/div>\n\t\t\t\t<\/div>\n\t\t\t\t<div class=\"elementor-element elementor-element-c7d0ed6 elementor-widget__width-initial elementor-widget elementor-widget-spacer\" data-id=\"c7d0ed6\" data-element_type=\"widget\" data-widget_type=\"spacer.default\">\n\t\t\t\t<div class=\"elementor-widget-container\">\n\t\t\t\t\t\t\t<div class=\"elementor-spacer\">\n\t\t\t<div class=\"elementor-spacer-inner\"><\/div>\n\t\t<\/div>\n\t\t\t\t\t\t<\/div>\n\t\t\t\t<\/div>\n\t\t\t\t<div class=\"elementor-element elementor-element-354e543d elementor-widget elementor-widget-text-editor\" data-id=\"354e543d\" data-element_type=\"widget\" data-widget_type=\"text-editor.default\">\n\t\t\t\t<div class=\"elementor-widget-container\">\n\t\t\t\t\t\t\t\t\t<p>In our salon located in Hajd\u00fab\u00f6sz\u00f6rm\u00e9ny (Eastern Hungary), we welcome our future customers not only for measurements, but also those who want to experience the unique, traditional atmosphere represented by our shoes.<\/p>\t\t\t\t\t\t\t\t<\/div>\n\t\t\t\t<\/div>\n\t\t\t\t<div class=\"elementor-element elementor-element-3afd8112 elementor-mobile-align-center elementor-widget elementor-widget-button\" data-id=\"3afd8112\" data-element_type=\"widget\" data-widget_type=\"button.default\">\n\t\t\t\t<div class=\"elementor-widget-container\">\n\t\t\t\t\t\t\t\t\t<div class=\"elementor-button-wrapper\">\n\t\t\t\t\t<a class=\"elementor-button elementor-button-link elementor-size-sm\" href=\"https:\/\/kozmashoes.hu\/en\/about-us-2\/\">\n\t\t\t\t\t\t<span class=\"elementor-button-content-wrapper\">\n\t\t\t\t\t\t\t\t\t<span class=\"elementor-button-text\">Discover our craftsmanship!<\/span>\n\t\t\t\t\t<\/span>\n\t\t\t\t\t<\/a>\n\t\t\t\t<\/div>\n\t\t\t\t\t\t\t\t<\/div>\n\t\t\t\t<\/div>\n\t\t\t\t<\/div>\n\t\t<div class=\"elementor-element elementor-element-35f8328a e-con-full e-flex elementor-invisible e-con e-child\" data-id=\"35f8328a\" data-element_type=\"container\" data-settings=\"{&quot;background_background&quot;:&quot;classic&quot;,&quot;animation&quot;:&quot;slideInUp&quot;}\">\n\t\t\t\t<\/div>\n\t\t\t\t<\/div>\n\t\t<div class=\"elementor-element elementor-element-51783e44 e-flex e-con-boxed e-con e-parent\" data-id=\"51783e44\" data-element_type=\"container\">\n\t\t\t\t\t<div class=\"e-con-inner\">\n\t\t\t\t<div class=\"elementor-element elementor-element-3766431b elementor-widget elementor-widget-heading\" data-id=\"3766431b\" data-element_type=\"widget\" data-widget_type=\"heading.default\">\n\t\t\t\t<div class=\"elementor-widget-container\">\n\t\t\t\t\t<h2 class=\"elementor-heading-title elementor-size-default\">Visit us!<\/h2>\t\t\t\t<\/div>\n\t\t\t\t<\/div>\n\t\t\t\t<div class=\"elementor-element elementor-element-660713f9 elementor-widget__width-initial elementor-widget elementor-widget-spacer\" data-id=\"660713f9\" data-element_type=\"widget\" data-widget_type=\"spacer.default\">\n\t\t\t\t<div class=\"elementor-widget-container\">\n\t\t\t\t\t\t\t<div class=\"elementor-spacer\">\n\t\t\t<div class=\"elementor-spacer-inner\"><\/div>\n\t\t<\/div>\n\t\t\t\t\t\t<\/div>\n\t\t\t\t<\/div>\n\t\t\t\t<div class=\"elementor-element elementor-element-73111634 elementor-widget-mobile__width-inherit elementor-widget elementor-widget-text-editor\" data-id=\"73111634\" data-element_type=\"widget\" data-widget_type=\"text-editor.default\">\n\t\t\t\t<div class=\"elementor-widget-container\">\n\t\t\t\t\t\t\t\t\t<p class=\"translation-block\">Our showroom welcomes many interested parties and customers <strong>by appointment<\/strong>. We welcome the interest of our customers and are <strong>happy to show you our workshop<\/strong> and the work going on there. Due to the small number of employees of our family manufactory, we can make a limited amount of shoes per month. This guarantees that <strong>all important details receive time<\/strong> and attention during the measurement and production processes. This is how <strong>each pair of Kozma shoes becomes truly unique<\/strong>, with personal stories hidden behind them.<\/p>\t\t\t\t\t\t\t\t<\/div>\n\t\t\t\t<\/div>\n\t\t<div class=\"elementor-element elementor-element-67f223a3 e-flex e-con-boxed e-con e-child\" data-id=\"67f223a3\" data-element_type=\"container\">\n\t\t\t\t\t<div class=\"e-con-inner\">\n\t\t\t\t<div class=\"elementor-element elementor-element-6626be70 elementor-widget__width-initial elementor-widget-mobile__width-initial elementor-invisible elementor-widget elementor-widget-image\" data-id=\"6626be70\" data-element_type=\"widget\" data-settings=\"{&quot;_animation&quot;:&quot;slideInLeft&quot;}\" data-widget_type=\"image.default\">\n\t\t\t\t<div class=\"elementor-widget-container\">\n\t\t\t\t\t\t\t\t\t\t\t\t\t\t\t<img fetchpriority=\"high\" decoding=\"async\" width=\"1568\" height=\"1280\" src=\"https:\/\/kozmashoes.hu\/wp-content\/uploads\/2024\/06\/IMG_6900-Edit_web2-1-e1718826227899.jpg\" class=\"attachment-full size-full wp-image-1947\" alt=\"\" srcset=\"https:\/\/kozmashoes.hu\/wp-content\/uploads\/2024\/06\/IMG_6900-Edit_web2-1-e1718826227899.jpg 1568w, https:\/\/kozmashoes.hu\/wp-content\/uploads\/2024\/06\/IMG_6900-Edit_web2-1-e1718826227899-300x245.jpg 300w, https:\/\/kozmashoes.hu\/wp-content\/uploads\/2024\/06\/IMG_6900-Edit_web2-1-e1718826227899-1024x836.jpg 1024w, https:\/\/kozmashoes.hu\/wp-content\/uploads\/2024\/06\/IMG_6900-Edit_web2-1-e1718826227899-768x627.jpg 768w, https:\/\/kozmashoes.hu\/wp-content\/uploads\/2024\/06\/IMG_6900-Edit_web2-1-e1718826227899-1536x1254.jpg 1536w\" sizes=\"(max-width: 1568px) 100vw, 1568px\" \/>\t\t\t\t\t\t\t\t\t\t\t\t\t\t\t<\/div>\n\t\t\t\t<\/div>\n\t\t\t\t<div class=\"elementor-element elementor-element-193066c0 elementor-hidden-mobile elementor-invisible elementor-widget elementor-widget-image\" data-id=\"193066c0\" data-element_type=\"widget\" data-settings=\"{&quot;_animation&quot;:&quot;slideInRight&quot;}\" data-widget_type=\"image.default\">\n\t\t\t\t<div class=\"elementor-widget-container\">\n\t\t\t\t\t\t\t\t\t\t\t\t\t\t\t\t<a href=\"https:\/\/maps.app.goo.gl\/GbHnqewChAFVuC1JA\" target=\"_blank\" rel=\"noopener\">\n\t\t\t\t\t\t\t<img decoding=\"async\" width=\"1013\" height=\"690\" src=\"https:\/\/kozmashoes.hu\/wp-content\/uploads\/2024\/05\/kozma-terkep.png\" class=\"attachment-full size-full wp-image-557\" alt=\"\" srcset=\"https:\/\/kozmashoes.hu\/wp-content\/uploads\/2024\/05\/kozma-terkep.png 1013w, https:\/\/kozmashoes.hu\/wp-content\/uploads\/2024\/05\/kozma-terkep-300x204.png 300w, https:\/\/kozmashoes.hu\/wp-content\/uploads\/2024\/05\/kozma-terkep-768x523.png 768w\" sizes=\"(max-width: 1013px) 100vw, 1013px\" \/>\t\t\t\t\t\t\t\t<\/a>\n\t\t\t\t\t\t\t\t\t\t\t\t\t\t\t<\/div>\n\t\t\t\t<\/div>\n\t\t\t\t\t<\/div>\n\t\t\t\t<\/div>\n\t\t\t\t\t<\/div>\n\t\t\t\t<\/div>\n\t\t\t\t<\/div>","protected":false},"excerpt":{"rendered":"<p>El\u00e9rhet\u0151s\u00e9gek Bemutat\u00f3terem Hajd\u00fab\u00f6sz\u00f6rm\u00e9nyben (Kelet-Magyarorsz\u00e1g) tal\u00e1lhat\u00f3 szalonunkban nem csak m\u00e9retv\u00e9tel kapcs\u00e1n v\u00e1rjuk leend\u0151 megrendel\u0151inket, de azokat is, akik szeretn\u00e9k megtapasztalni a cip\u0151ink \u00e1ltal k\u00e9pviselt p\u00e1ratlan, tradicion\u00e1lis atmoszf\u00e9r\u00e1t is. Ismerje meg munk\u00e1ss\u00e1gunk L\u00e1togasson el hozz\u00e1nk! Bemutat\u00f3 szalonunk sz\u00e1mos \u00e9rdekl\u0151d\u0151t, megrendel\u0151t fogad &#8211; el\u0151zetes id\u0151pont egyeztet\u00e9s ut\u00e1n &#8211; belf\u00f6ldr\u0151l \u00e9s k\u00fclf\u00f6ldr\u0151l egyar\u00e1nt. Megrendel\u0151ink \u00e9rdekl\u0151d\u00e9s\u00e9t \u00f6r\u00f6mmel fogadva sz\u00edvesen mutatjuk &#8230; <a title=\"Contact\" class=\"read-more\" href=\"https:\/\/kozmashoes.hu\/en\/contact\/\" aria-label=\"Read more about Kapcsolat\">Read more<\/a><\/p>","protected":false},"author":1,"featured_media":0,"parent":0,"menu_order":0,"comment_status":"closed","ping_status":"closed","template":"elementor_header_footer","meta":{"footnotes":""},"class_list":["post-26","page","type-page","status-publish"],"_links":{"self":[{"href":"https:\/\/kozmashoes.hu\/en\/wp-json\/wp\/v2\/pages\/26","targetHints":{"allow":["GET"]}}],"collection":[{"href":"https:\/\/kozmashoes.hu\/en\/wp-json\/wp\/v2\/pages"}],"about":[{"href":"https:\/\/kozmashoes.hu\/en\/wp-json\/wp\/v2\/types\/page"}],"author":[{"embeddable":true,"href":"https:\/\/kozmashoes.hu\/en\/wp-json\/wp\/v2\/users\/1"}],"replies":[{"embeddable":true,"href":"https:\/\/kozmashoes.hu\/en\/wp-json\/wp\/v2\/comments?post=26"}],"version-history":[{"count":3,"href":"https:\/\/kozmashoes.hu\/en\/wp-json\/wp\/v2\/pages\/26\/revisions"}],"predecessor-version":[{"id":2067,"href":"https:\/\/kozmashoes.hu\/en\/wp-json\/wp\/v2\/pages\/26\/revisions\/2067"}],"wp:attachment":[{"href":"https:\/\/kozmashoes.hu\/en\/wp-json\/wp\/v2\/media?parent=26"}],"curies":[{"name":"wp","href":"https:\/\/api.w.org\/{rel}","templated":true}]}}