{"id":2012,"date":"2024-06-22T07:57:39","date_gmt":"2024-06-22T05:57:39","guid":{"rendered":"https:\/\/kozmashoes.hu\/?page_id=2012"},"modified":"2024-06-22T08:02:54","modified_gmt":"2024-06-22T06:02:54","slug":"cookie-policy","status":"publish","type":"page","link":"https:\/\/kozmashoes.hu\/en\/cookie-policy\/","title":{"rendered":"Cookie Policy"},"content":{"rendered":"<div data-elementor-type=\"wp-page\" data-elementor-id=\"2012\" class=\"elementor elementor-2012\" data-elementor-post-type=\"page\">\n\t\t\t\t<div class=\"elementor-element elementor-element-3a113f1d e-flex e-con-boxed e-con e-parent\" data-id=\"3a113f1d\" data-element_type=\"container\" data-settings=\"{&quot;background_background&quot;:&quot;classic&quot;}\">\n\t\t\t\t\t<div class=\"e-con-inner\">\n\t\t\t\t\t<\/div>\n\t\t\t\t<\/div>\n\t\t<div class=\"elementor-element elementor-element-4586b801 e-con-full e-flex e-con e-parent\" data-id=\"4586b801\" data-element_type=\"container\">\n\t\t\t\t<div class=\"elementor-element elementor-element-568d2113 elementor-widget__width-initial elementor-widget-mobile__width-initial elementor-widget elementor-widget-heading\" data-id=\"568d2113\" data-element_type=\"widget\" data-widget_type=\"heading.default\">\n\t\t\t\t<div class=\"elementor-widget-container\">\n\t\t\t\t\t<h2 class=\"elementor-heading-title elementor-size-default\">Cookie Policy<\/h2>\t\t\t\t<\/div>\n\t\t\t\t<\/div>\n\t\t\t\t<\/div>\n\t\t<div class=\"elementor-element elementor-element-6d72d438 e-con-full e-flex e-con e-parent\" data-id=\"6d72d438\" data-element_type=\"container\" data-settings=\"{&quot;background_background&quot;:&quot;classic&quot;}\">\n\t\t<div class=\"elementor-element elementor-element-7e5cf6f8 e-con-full e-flex e-con e-child\" data-id=\"7e5cf6f8\" data-element_type=\"container\" data-settings=\"{&quot;background_background&quot;:&quot;classic&quot;}\">\n\t\t<div class=\"elementor-element elementor-element-767f6fe1 e-flex e-con-boxed e-con e-child\" data-id=\"767f6fe1\" data-element_type=\"container\" data-settings=\"{&quot;background_background&quot;:&quot;classic&quot;}\">\n\t\t\t\t\t<div class=\"e-con-inner\">\n\t\t\t\t<div class=\"elementor-element elementor-element-12a54350 elementor-widget elementor-widget-heading\" data-id=\"12a54350\" data-element_type=\"widget\" data-widget_type=\"heading.default\">\n\t\t\t\t<div class=\"elementor-widget-container\">\n\t\t\t\t\t<h2 class=\"elementor-heading-title elementor-size-default\">Did you know?<\/h2>\t\t\t\t<\/div>\n\t\t\t\t<\/div>\n\t\t\t\t<div class=\"elementor-element elementor-element-770c18a elementor-widget__width-initial elementor-widget elementor-widget-spacer\" data-id=\"770c18a\" data-element_type=\"widget\" data-widget_type=\"spacer.default\">\n\t\t\t\t<div class=\"elementor-widget-container\">\n\t\t\t\t\t\t\t<div class=\"elementor-spacer\">\n\t\t\t<div class=\"elementor-spacer-inner\"><\/div>\n\t\t<\/div>\n\t\t\t\t\t\t<\/div>\n\t\t\t\t<\/div>\n\t\t\t\t<div class=\"elementor-element elementor-element-705069f elementor-widget elementor-widget-text-editor\" data-id=\"705069f\" data-element_type=\"widget\" data-widget_type=\"text-editor.default\">\n\t\t\t\t<div class=\"elementor-widget-container\">\n\t\t\t\t\t\t\t\t\t<p><span style=\"font-weight: 400;\">A cookie-k (s\u00fctik) olyan kis inform\u00e1ci\u00f3s sz\u00f6vegf\u00e1jlok, amelyek lehet\u0151v\u00e9 teszik, hogy egy weboldal a felhaszn\u00e1l\u00f3 b\u00f6ng\u00e9sz\u00e9si szok\u00e1sair\u00f3l adatokat r\u00f6gz\u00edtsen.<\/span><\/p>\t\t\t\t\t\t\t\t<\/div>\n\t\t\t\t<\/div>\n\t\t\t\t\t<\/div>\n\t\t\t\t<\/div>\n\t\t<div class=\"elementor-element elementor-element-595b3323 e-flex e-con-boxed e-con e-child\" data-id=\"595b3323\" data-element_type=\"container\" data-settings=\"{&quot;background_background&quot;:&quot;classic&quot;}\">\n\t\t\t\t\t<div class=\"e-con-inner\">\n\t\t\t\t\t<\/div>\n\t\t\t\t<\/div>\n\t\t\t\t<\/div>\n\t\t\t\t<\/div>\n\t\t<div class=\"elementor-element elementor-element-545a3ecb e-con-full e-flex e-con e-parent\" data-id=\"545a3ecb\" data-element_type=\"container\">\n\t\t\t\t<div class=\"elementor-element elementor-element-157fb8ab elementor-widget__width-inherit elementor-widget-mobile__width-inherit elementor-widget elementor-widget-heading\" data-id=\"157fb8ab\" data-element_type=\"widget\" data-widget_type=\"heading.default\">\n\t\t\t\t<div class=\"elementor-widget-container\">\n\t\t\t\t\t<h2 class=\"elementor-heading-title elementor-size-default\">S\u00fctikezel\u00e9si ir\u00e1nyelveink<\/h2>\t\t\t\t<\/div>\n\t\t\t\t<\/div>\n\t\t<div class=\"elementor-element elementor-element-7d1413df e-con-full e-flex e-con e-child\" data-id=\"7d1413df\" data-element_type=\"container\">\n\t\t\t\t<div class=\"elementor-element elementor-element-3673c9b0 elementor-widget-mobile__width-initial elementor-widget elementor-widget-spacer\" data-id=\"3673c9b0\" data-element_type=\"widget\" data-widget_type=\"spacer.default\">\n\t\t\t\t<div class=\"elementor-widget-container\">\n\t\t\t\t\t\t\t<div class=\"elementor-spacer\">\n\t\t\t<div class=\"elementor-spacer-inner\"><\/div>\n\t\t<\/div>\n\t\t\t\t\t\t<\/div>\n\t\t\t\t<\/div>\n\t\t\t\t<\/div>\n\t\t\t\t<div class=\"elementor-element elementor-element-f1a844d elementor-widget elementor-widget-text-editor\" data-id=\"f1a844d\" data-element_type=\"widget\" data-widget_type=\"text-editor.default\">\n\t\t\t\t<div class=\"elementor-widget-container\">\n\t\t\t\t\t\t\t\t\t<p><span style=\"font-weight: 400;\">A legt\u00f6bb internetes oldal idestova 25 \u00e9ve haszn\u00e1l s\u00fctiket, mert ezek hozz\u00e1j\u00e1rulnak a felhaszn\u00e1l\u00f3i \u00e9lm\u00e9ny k\u00e9nyelmesebb\u00e9 t\u00e9tel\u00e9hez. A cookie-k seg\u00edts\u00e9g\u00e9vel az oldal szem\u00e9lyre szabott szolg\u00e1ltat\u00e1sokat ny\u00fajthat <\/span><i><span style=\"font-weight: 400;\">(p\u00e9ld\u00e1ul megjegyzi az adott felhaszn\u00e1l\u00f3 sz\u00e1m\u00e1ra \u00e9rdekes tartalmakat)<\/span><\/i><span style=\"font-weight: 400;\">. Az \u00edgy r\u00f6gz\u00edtett adatok egy\u00e9b szem\u00e9lyes adatokkal nem kapcsolhat\u00f3k \u00f6ssze, nem fogunk tudni T\u00e9ged beazonos\u00edtani, csup\u00e1n a honlap m\u0171k\u00f6d\u00e9s\u00e9t teszik g\u00f6rd\u00fcl\u00e9kenyebb\u00e9 (p\u00e9ld\u00e1ul el\u0151re kit\u00f6lti Neked a bel\u00e9p\u00e9si adatokat) illetve lehet\u0151s\u00e9get adnak sz\u00e1munkra statisztik\u00e1kat k\u00e9sz\u00edteni a weboldalr\u00f3l.\u00a0<\/span><\/p><h3><b>Milyen t\u00edpus\u00fa cookie-kat (s\u00fctiket) k\u00fcl\u00f6nb\u00f6ztet\u00fcnk meg?<\/b><\/h3><p><span style=\"font-weight: 400;\">A s\u00fctiket t\u00f6bb szempont alapj\u00e1n is megk\u00fcl\u00f6nb\u00f6ztetj\u00fck. Kezdj\u00fck azzal, hogy <\/span><b>ki \u00e1ll\u00edtja be a s\u00fctit:<\/b><\/p><ul><li style=\"font-weight: 400;\" aria-level=\"1\"><span style=\"font-weight: 400;\">az <\/span><b>els\u0151 f\u00e9lt\u0151l sz\u00e1rmaz\u00f3\/bels\u0151 s\u00fctik<\/b><span style=\"font-weight: 400;\">et a felhaszn\u00e1l\u00f3 \u00e1ltal felkeresett webhely \u00e1ll\u00edtja be<\/span><\/li><li style=\"font-weight: 400;\" aria-level=\"1\"><span style=\"font-weight: 400;\">a <\/span><b>harmadik f\u00e9lt\u0151l sz\u00e1rmaz\u00f3 s\u00fctik<\/b><span style=\"font-weight: 400;\">et pedig olyan webhelyek, domainek \u00e1ll\u00edtj\u00e1k be, melyeket a felhaszn\u00e1l\u00f3 nem keresett fel k\u00f6zvetlen\u00fcl, ez legt\u00f6bbsz\u00f6r akkor fordul el\u0151, ha a weboldal k\u00e9sz\u00edt\u0151je harmadik f\u00e9lt\u0151l sz\u00e1rmaz\u00f3 k\u00f6vet\u0151k\u00f3dokat, be\u00e9p\u00fcl\u0151 modulokat, hirdet\u00e9seket stb. adott hozz\u00e1 a weboldalhoz. El\u0151fordulhat, hogy ezen harmadik szem\u00e9lyek hasonl\u00f3 technol\u00f3gi\u00e1kat alkalmazva gy\u0171jtenek adatokat annak \u00e9rdek\u00e9ben, hogy a felhaszn\u00e1l\u00f3knak a saj\u00e1t szolg\u00e1ltat\u00e1saikkal \u00f6sszef\u00fcgg\u00e9sben c\u00edmzett rekl\u00e1m\u00fczenetet k\u00fcldjenek. Ilyen esetekben az adatkezel\u00e9sre az ezen harmadik szem\u00e9lyek \u00e1ltal meghat\u00e1rozott adatv\u00e9delmi el\u0151\u00edr\u00e1sok az ir\u00e1nyad\u00f3ak, \u00e9s az ilyen adatkezel\u00e9s tekintet\u00e9ben semmilyen felel\u0151ss\u00e9get nem v\u00e1llalunk.<\/span><\/li><\/ul><p><b>\u00c9rv\u00e9nyess\u00e9gi id\u0151<\/b><span style=\"font-weight: 400;\"> szempontj\u00e1b\u00f3l\u00a0 is k\u00fcl\u00f6nbs\u00e9get tesz\u00fcnk a s\u00fctik k\u00f6z\u00f6tt:<\/span><\/p><ul><li style=\"font-weight: 400;\" aria-level=\"1\"><span style=\"font-weight: 400;\">vannak <\/span><b>ideiglenes cookie<\/b><span style=\"font-weight: 400;\">-k <\/span><i><span style=\"font-weight: 400;\">(munkamenet s\u00fcti \/ session cookie)<\/span><\/i><span style=\"font-weight: 400;\">, amelyek nem rendelkeznek \u00e9rv\u00e9nyess\u00e9gi id\u0151vel, ugyanis a b\u00f6ng\u00e9sz\u0151 bez\u00e1r\u00e1sakor t\u00f6rl\u0151dnek<\/span><\/li><li style=\"font-weight: 400;\" aria-level=\"1\"><span style=\"font-weight: 400;\">\u00e9s vannak <\/span><b>\u00e1lland\u00f3 cookie<\/b><span style=\"font-weight: 400;\">-k <\/span><i><span style=\"font-weight: 400;\">(persistent cookie)<\/span><\/i><span style=\"font-weight: 400;\">, amelyeket a b\u00f6ng\u00e9sz\u0151 nem t\u00f6r\u00f6l, hanem t\u00f6rl\u00e9sig vagy \u00e9rv\u00e9nyess\u00e9g\u00fck lej\u00e1rt\u00e1ig akt\u00edvak maradnak.\u00a0<\/span><\/li><\/ul><p><b>Funkci\u00f3k <\/b><span style=\"font-weight: 400;\">szempontj\u00e1b\u00f3l vannak tov\u00e1bb\u00e1:<\/span><\/p><ul><li style=\"font-weight: 400;\" aria-level=\"1\"><b>M\u0171k\u00f6d\u00e9shez sz\u00fcks\u00e9ges (technikai) s\u00fctik, <\/b><span style=\"font-weight: 400;\">melyek n\u00e9lk\u00fcl\u00f6zhetetlenek egy weboldal megfelel\u0151 m\u0171k\u00f6d\u00e9s\u00e9hez. Lehet\u0151v\u00e9 teszik a lapok k\u00f6z\u00f6tti navig\u00e1ci\u00f3t, a weboldal biztons\u00e1gos ter\u00fcleteihez val\u00f3 hozz\u00e1f\u00e9r\u00e9st \u00e9s az oldal nyelvi be\u00e1ll\u00edt\u00e1sainak t\u00e1rol\u00e1s\u00e1t.<\/span><\/li><\/ul><p><b>Funkcion\u00e1lis s\u00fctik<\/b><span style=\"font-weight: 400;\">, melyek lehet\u0151v\u00e9 teszik, hogy egy weboldal t\u00e1rolja a felhaszn\u00e1l\u00f3 \u00e1ltal be\u00e1ll\u00edtott preferenci\u00e1kat, p\u00e9ld\u00e1ul a felhaszn\u00e1l\u00f3n\u00e9v, a r\u00e9gi\u00f3 vagy a nyelv be\u00e1ll\u00edt\u00e1sait. Ezek a s\u00fctik jav\u00edtj\u00e1k a felhaszn\u00e1l\u00f3i \u00e9lm\u00e9nyt, \u00e9s testreszabottabb tartalmat k\u00edn\u00e1lnak a l\u00e1togat\u00f3knak.<\/span><\/p><ul><li style=\"font-weight: 400;\" aria-level=\"1\"><b>Teljes\u00edtm\u00e9nyt jav\u00edt\u00f3 (analitikai) s\u00fctik<\/b><span style=\"font-weight: 400;\">, melyek inform\u00e1ci\u00f3kat gy\u0171jtenek arr\u00f3l, hogyan haszn\u00e1lj\u00e1k a l\u00e1togat\u00f3k egy weboldalt, p\u00e9ld\u00e1ul mely oldalakat l\u00e1togatj\u00e1k meg leggyakrabban, vagy milyen hiba\u00fczeneteket kapnak. Ezek az adatok seg\u00edtenek a weboldal tulajdonos\u00e1nak fejleszteni az oldal teljes\u00edtm\u00e9ny\u00e9t \u00e9s a felhaszn\u00e1l\u00f3i \u00e9lm\u00e9nyt. Az analitikai s\u00fctik \u00e1ltal\u00e1ban anonim adatokat gy\u0171jtenek.<\/span><\/li><li style=\"font-weight: 400;\" aria-level=\"1\"><b>Marketing (rekl\u00e1m) s\u00fctik<\/b><span style=\"font-weight: 400;\">, melyek a l\u00e1togat\u00f3k \u00e9rdekl\u0151d\u00e9si k\u00f6r\u00e9nek megfelel\u0151 rekl\u00e1mok megjelen\u00edt\u00e9s\u00e9t seg\u00edtik el\u0151. Ezek a s\u00fctik nyomon k\u00f6vetik a l\u00e1togat\u00f3k b\u00f6ng\u00e9sz\u00e9si tev\u00e9kenys\u00e9g\u00e9t m\u00e1s weboldalakon is, \u00e9s profilokat k\u00e9sz\u00edtenek a felhaszn\u00e1l\u00f3k \u00e9rdekl\u0151d\u00e9si k\u00f6r\u00e9r\u0151l. A c\u00e9lzott s\u00fctiket gyakran haszn\u00e1lj\u00e1k a hirdet\u0151k \u00e9s a k\u00f6z\u00f6ss\u00e9gi m\u00e9dia oldalak.<\/span><\/li><\/ul><p><b>AZ OLDALUNKON HASZN\u00c1LT N\u00c9LK\u00dcL\u00d6ZHETETLEN S\u00dcTIK:<\/b><\/p><ul><li style=\"font-weight: 400;\" aria-level=\"1\"><b>CookieConsent<\/b><span style=\"font-weight: 400;\"><br \/><\/span><b>Funkci\u00f3:<\/b><span style=\"font-weight: 400;\"> T\u00e1rolja a felhaszn\u00e1l\u00f3 s\u00fctibe val\u00f3 beleegyez\u00e9s\u00e9nek \u00e1llapot\u00e1t a jelenlegi domainre<\/span><span style=\"font-weight: 400;\"><br \/><\/span><b>Lej\u00e1rata: <\/b><span style=\"font-weight: 400;\">1 \u00e9v<\/span><span style=\"font-weight: 400;\"><br \/><br \/><\/span><\/li><\/ul><p><b>AZ OLDALUNKON HASZN\u00c1LT MARKETING \u00c9S ANALITIKAI S\u00dcTIK:<\/b><\/p><ul><li style=\"font-weight: 400;\" aria-level=\"1\"><b>_ga_K79HYN27FT<\/b><b><br \/><\/b><b>Funkci\u00f3:<\/b><span style=\"font-weight: 400;\"> a Google Analytics (GA4) s\u00fctije, mely anonim adatokat gy\u0171jt \u00e9s tov\u00e1bb\u00edt a Google Ltd. fel\u00e9 arr\u00f3l, hogy mennyi \u00e9s mely oldalak ker\u00fcltek bet\u00f6lt\u00e9sre egy felhaszn\u00e1l\u00f3 l\u00e1togat\u00e1sa sor\u00e1n<\/span><span style=\"font-weight: 400;\"><br \/><\/span><b>Lej\u00e1rat:<\/b><span style=\"font-weight: 400;\"> 1 \u00e9v<\/span><span style=\"font-weight: 400;\"><br \/><br \/><\/span><\/li><li style=\"font-weight: 400;\" aria-level=\"1\"><b>_ga<\/b><b><br \/><\/b><b>Funkci\u00f3:<\/b><span style=\"font-weight: 400;\"> a Google Analytics szolg\u00e1ltat\u00e1shoz tartoz\u00f3 s\u00fcti, mely a l\u00e1togat\u00f3k egyedi azonos\u00edt\u00e1s\u00e1ra szolg\u00e1l, lehet\u0151v\u00e9 t\u00e9ve a l\u00e1togat\u00f3i viselked\u00e9s nyomon k\u00f6vet\u00e9s\u00e9t az oldalon<\/span><span style=\"font-weight: 400;\"><br \/><\/span><b>Lej\u00e1rat:<\/b><span style=\"font-weight: 400;\"> 2 \u00e9v<\/span><span style=\"font-weight: 400;\"><br \/><br \/><\/span><\/li><\/ul><h3><b>Fontos inform\u00e1ci\u00f3 a s\u00fctik kezel\u00e9s\u00e9r\u0151l:<\/b><\/h3><p><span style=\"font-weight: 400;\">A s\u00fctiket a felhaszn\u00e1l\u00f3 t\u00f6r\u00f6lheti saj\u00e1t sz\u00e1m\u00edt\u00f3g\u00e9p\u00e9r\u0151l, illetve letilthatja b\u00f6ng\u00e9sz\u0151j\u00e9ben azok telep\u00edt\u00e9s\u00e9t, alkalmaz\u00e1s\u00e1t, ugyanakkor a s\u00fctik letilt\u00e1sa a b\u00f6ng\u00e9sz\u0151 haszn\u00e1lati komfortj\u00e1t befoly\u00e1solhatja, illetve a weboldal m\u0171k\u00f6d\u00e9si probl\u00e9m\u00e1it eredm\u00e9nyezheti. A s\u00fctik kezel\u00e9s\u00e9re \u00e1ltal\u00e1ban a b\u00f6ng\u00e9sz\u0151k Eszk\u00f6z\u00f6k\/Be\u00e1ll\u00edt\u00e1sok men\u00fcj\u00e9ben az Adatv\u00e9delem be\u00e1ll\u00edt\u00e1sai alatt, cookie (s\u00fctik) megnevez\u00e9ssel van lehet\u0151s\u00e9g.<\/span><span style=\"font-weight: 400;\"><br \/><\/span><span style=\"font-weight: 400;\">Tilt\u00e1s hi\u00e1ny\u00e1ban a weboldalon haszn\u00e1lt n\u00e9lk\u00fcl\u00f6zhetetlen s\u00fctik azel\u0151tt is elhelyez\u00e9sre ker\u00fclhetnek, miel\u0151tt \u00d6n elfogadn\u00e1 azok haszn\u00e1lat\u00e1t. Ha ezt nem szeretn\u00e9, k\u00e9rj\u00fck, ne haszn\u00e1lja az oldalt. A marketing \u00e9s analitikai t\u00edpus\u00fa s\u00fctik azonban kiz\u00e1r\u00f3lag abban az esetben ker\u00fclnek t\u00e1rol\u00e1sra, ha a weboldal s\u00fctibe\u00e1ll\u00edt\u00e1saiban a l\u00e1togat\u00f3 ezt k\u00fcl\u00f6n enged\u00e9lyezte \u00e9s elfogadta.<\/span><\/p><h3><b>Mennyiben befoly\u00e1solj\u00e1k a s\u00fctik a szem\u00e9lyes adataid v\u00e9delm\u00e9t?<\/b><\/h3><p><span style=\"font-weight: 400;\">A cookie-k \u00e1ltal gy\u0171jt\u00f6tt adatokat kiz\u00e1r\u00f3lag a felhaszn\u00e1l\u00f3i \u00e9lm\u00e9ny n\u00f6vel\u00e9se, valamint az egyedi felhaszn\u00e1l\u00f3i be\u00e1ll\u00edt\u00e1sok szerinti m\u0171k\u00f6d\u00e9s \u00e9rdek\u00e9ben haszn\u00e1ljuk fel \u00fagy, hogy illet\u00e9ktelen szem\u00e9lyek ne juthassanak hozz\u00e1. Harmadik f\u00e9lk\u00e9nt kiz\u00e1r\u00f3lag a weboldal \u00fczemeltet\u0151j\u00e9vel szerz\u0151d\u00f6tt partneri kapcsolatban \u00e1ll\u00f3, marketing vagy informatikai tev\u00e9kenys\u00e9get v\u00e9gz\u0151 szem\u00e9lyek l\u00e1thatj\u00e1k ezeket az adatokat.<\/span><\/p><h3><b>S\u00fctik tilt\u00e1sa<\/b><\/h3><p><span style=\"font-weight: 400;\">A cookie-kat a b\u00f6ng\u00e9sz\u0151 hozza l\u00e9tre, \u00e9s t\u00e1rolja, \u00edgy a b\u00f6ng\u00e9sz\u0151n bel\u00fcl van lehet\u0151s\u00e9g a tilt\u00e1sukra. Azt viszont figyelembe kell venni, hogy a tiltott s\u00fctikkell a megszokott weboldalakn\u00e1l megvan az es\u00e9ly hogy nem fognak megfelel\u0151en m\u0171k\u00f6dni.<\/span><\/p><p><span style=\"font-weight: 400;\">A cookie-k letilt\u00e1s\u00e1ra vonatkoz\u00f3 inform\u00e1ci\u00f3kat keresse a b\u00f6ng\u00e9sz\u0151je S\u00fag\u00f3j\u00e1ban.<\/span><\/p><p><span style=\"font-weight: 400;\">Google Analytics tilt\u00e1sa b\u00f6ng\u00e9sz\u0151 pluginnel: <\/span><a href=\"https:\/\/tools.google.com\/dlpage\/gaoptout\" target=\"_blank\" rel=\"noopener\"><b>https:\/\/tools.google.com\/dlpage\/gaoptout<\/b><\/a><\/p><p><span style=\"font-weight: 400;\">Cookie-k tilt\u00e1sa Chrome b\u00f6ng\u00e9sz\u0151ben: <\/span><a href=\"https:\/\/support.google.com\/chrome\/answer\/95647?hl=hu\" target=\"_blank\" rel=\"noopener\"><b>https:\/\/support.google.com\/chrome\/answer\/95647?hl=hu<\/b><\/a><\/p><p><span style=\"font-weight: 400;\">Cookie-k tilt\u00e1sa Firefox b\u00f6ng\u00e9sz\u0151ben: <\/span><a href=\"https:\/\/support.mozilla.org\/hu\/kb\/weboldalak-altal-elhelyezett-sutik-torlese-szamito\" target=\"_blank\" rel=\"noopener\"><b>https:\/\/support.mozilla.org\/hu\/kb\/weboldalak-altal-elhelyezett-sutik-torlese-szamito<\/b><\/a><\/p>\t\t\t\t\t\t\t\t<\/div>\n\t\t\t\t<\/div>\n\t\t\t\t<\/div>\n\t\t\t\t<\/div>","protected":false},"excerpt":{"rendered":"<p>Tudta? A cookie-k (s\u00fctik) olyan kis inform\u00e1ci\u00f3s sz\u00f6vegf\u00e1jlok, amelyek lehet\u0151v\u00e9 teszik, hogy egy weboldal a felhaszn\u00e1l\u00f3 b\u00f6ng\u00e9sz\u00e9si szok\u00e1sair\u00f3l adatokat r\u00f6gz\u00edtsen. S\u00fctikezel\u00e9si ir\u00e1nyelveink A legt\u00f6bb internetes oldal idestova 25 \u00e9ve haszn\u00e1l s\u00fctiket, mert ezek hozz\u00e1j\u00e1rulnak a felhaszn\u00e1l\u00f3i \u00e9lm\u00e9ny k\u00e9nyelmesebb\u00e9 t\u00e9tel\u00e9hez. A cookie-k seg\u00edts\u00e9g\u00e9vel az oldal szem\u00e9lyre szabott szolg\u00e1ltat\u00e1sokat ny\u00fajthat (p\u00e9ld\u00e1ul megjegyzi az adott felhaszn\u00e1l\u00f3 sz\u00e1m\u00e1ra \u00e9rdekes &#8230; <a title=\"Cookie Policy\" class=\"read-more\" href=\"https:\/\/kozmashoes.hu\/en\/cookie-policy\/\" aria-label=\"Read more about S\u00fcti t\u00e1j\u00e9koztat\u00f3\">Read more<\/a><\/p>","protected":false},"author":1,"featured_media":0,"parent":0,"menu_order":0,"comment_status":"closed","ping_status":"closed","template":"elementor_header_footer","meta":{"footnotes":""},"class_list":["post-2012","page","type-page","status-publish"],"_links":{"self":[{"href":"https:\/\/kozmashoes.hu\/en\/wp-json\/wp\/v2\/pages\/2012","targetHints":{"allow":["GET"]}}],"collection":[{"href":"https:\/\/kozmashoes.hu\/en\/wp-json\/wp\/v2\/pages"}],"about":[{"href":"https:\/\/kozmashoes.hu\/en\/wp-json\/wp\/v2\/types\/page"}],"author":[{"embeddable":true,"href":"https:\/\/kozmashoes.hu\/en\/wp-json\/wp\/v2\/users\/1"}],"replies":[{"embeddable":true,"href":"https:\/\/kozmashoes.hu\/en\/wp-json\/wp\/v2\/comments?post=2012"}],"version-history":[{"count":4,"href":"https:\/\/kozmashoes.hu\/en\/wp-json\/wp\/v2\/pages\/2012\/revisions"}],"predecessor-version":[{"id":2017,"href":"https:\/\/kozmashoes.hu\/en\/wp-json\/wp\/v2\/pages\/2012\/revisions\/2017"}],"wp:attachment":[{"href":"https:\/\/kozmashoes.hu\/en\/wp-json\/wp\/v2\/media?parent=2012"}],"curies":[{"name":"wp","href":"https:\/\/api.w.org\/{rel}","templated":true}]}}