{"id":1086,"date":"2024-05-24T06:42:19","date_gmt":"2024-05-24T04:42:19","guid":{"rendered":"https:\/\/kozmashoes.temarketinged.hu\/?page_id=1086"},"modified":"2024-06-21T19:25:04","modified_gmt":"2024-06-21T17:25:04","slug":"thank-you","status":"publish","type":"page","link":"https:\/\/kozmashoes.hu\/en\/thank-you\/","title":{"rendered":"K\u00f6sz\u00f6n\u0151oldal"},"content":{"rendered":"<div data-elementor-type=\"wp-page\" data-elementor-id=\"1086\" class=\"elementor elementor-1086\" data-elementor-post-type=\"page\">\n\t\t\t\t<div class=\"elementor-element elementor-element-3288b4f e-flex e-con-boxed e-con e-parent\" data-id=\"3288b4f\" data-element_type=\"container\" data-settings=\"{&quot;background_background&quot;:&quot;classic&quot;}\">\n\t\t\t\t\t<div class=\"e-con-inner\">\n\t\t\t\t\t<\/div>\n\t\t\t\t<\/div>\n\t\t<div class=\"elementor-element elementor-element-6c7e36e0 e-con-full e-flex e-con e-parent\" data-id=\"6c7e36e0\" data-element_type=\"container\">\n\t\t\t\t<div class=\"elementor-element elementor-element-7183835c elementor-widget__width-initial elementor-widget-mobile__width-initial elementor-widget elementor-widget-heading\" data-id=\"7183835c\" data-element_type=\"widget\" data-widget_type=\"heading.default\">\n\t\t\t\t<div class=\"elementor-widget-container\">\n\t\t\t\t\t<h2 class=\"elementor-heading-title elementor-size-default\">K\u00f6sz\u00f6nj\u00fck bizalm\u00e1t!<\/h2>\t\t\t\t<\/div>\n\t\t\t\t<\/div>\n\t\t\t\t<\/div>\n\t\t<div class=\"elementor-element elementor-element-447fbd4b e-con-full e-flex e-con e-parent\" data-id=\"447fbd4b\" data-element_type=\"container\" data-settings=\"{&quot;background_background&quot;:&quot;classic&quot;}\">\n\t\t<div class=\"elementor-element elementor-element-3802b92d e-con-full e-flex e-con e-child\" data-id=\"3802b92d\" data-element_type=\"container\" data-settings=\"{&quot;background_background&quot;:&quot;classic&quot;}\">\n\t\t\t\t<div class=\"elementor-element elementor-element-a1cdc1b elementor-widget elementor-widget-heading\" data-id=\"a1cdc1b\" data-element_type=\"widget\" data-widget_type=\"heading.default\">\n\t\t\t\t<div class=\"elementor-widget-container\">\n\t\t\t\t\t<h2 class=\"elementor-heading-title elementor-size-default\">Hogyan tov\u00e1bb?<\/h2>\t\t\t\t<\/div>\n\t\t\t\t<\/div>\n\t\t\t\t<div class=\"elementor-element elementor-element-2f7d8ff0 elementor-widget__width-initial elementor-widget elementor-widget-spacer\" data-id=\"2f7d8ff0\" data-element_type=\"widget\" data-widget_type=\"spacer.default\">\n\t\t\t\t<div class=\"elementor-widget-container\">\n\t\t\t\t\t\t\t<div class=\"elementor-spacer\">\n\t\t\t<div class=\"elementor-spacer-inner\"><\/div>\n\t\t<\/div>\n\t\t\t\t\t\t<\/div>\n\t\t\t\t<\/div>\n\t\t\t\t<div class=\"elementor-element elementor-element-3a2ebd3c elementor-widget elementor-widget-text-editor\" data-id=\"3a2ebd3c\" data-element_type=\"widget\" data-widget_type=\"text-editor.default\">\n\t\t\t\t<div class=\"elementor-widget-container\">\n\t\t\t\t\t\t\t\t\t<p>Hamarosan keresni fogjuk el\u00e9rhet\u0151s\u00e9gei egyik\u00e9n, hogy egyeztess\u00fck az esetlegesen felmer\u00fcl\u0151 k\u00e9rd\u00e9seket.<\/p><p>Addig is aj\u00e1nljuk figyelm\u00e9be a r\u00f3lunk \u00e9s \u00e1ltalunk k\u00e9sz\u00edtett cikkeket, h\u00edreket!<\/p>\t\t\t\t\t\t\t\t<\/div>\n\t\t\t\t<\/div>\n\t\t\t\t<div class=\"elementor-element elementor-element-69c362 elementor-mobile-align-center elementor-widget elementor-widget-button\" data-id=\"69c362\" data-element_type=\"widget\" data-widget_type=\"button.default\">\n\t\t\t\t<div class=\"elementor-widget-container\">\n\t\t\t\t\t\t\t\t\t<div class=\"elementor-button-wrapper\">\n\t\t\t\t\t<a class=\"elementor-button elementor-button-link elementor-size-sm\" href=\"https:\/\/kozmashoes.hu\/en\/kategoria\/blog\/\">\n\t\t\t\t\t\t<span class=\"elementor-button-content-wrapper\">\n\t\t\t\t\t\t\t\t\t<span class=\"elementor-button-text\">Bejegyz\u00e9sek<\/span>\n\t\t\t\t\t<\/span>\n\t\t\t\t\t<\/a>\n\t\t\t\t<\/div>\n\t\t\t\t\t\t\t\t<\/div>\n\t\t\t\t<\/div>\n\t\t\t\t<\/div>\n\t\t<div class=\"elementor-element elementor-element-4d1efc82 e-con-full e-flex e-con e-child\" data-id=\"4d1efc82\" data-element_type=\"container\" data-settings=\"{&quot;background_background&quot;:&quot;classic&quot;}\">\n\t\t\t\t<\/div>\n\t\t\t\t<\/div>\n\t\t<div class=\"elementor-element elementor-element-7851acfe e-con-full e-flex e-con e-parent\" data-id=\"7851acfe\" data-element_type=\"container\">\n\t\t\t\t<div class=\"elementor-element elementor-element-38136c75 elementor-widget__width-initial elementor-invisible elementor-widget elementor-widget-spacer\" data-id=\"38136c75\" data-element_type=\"widget\" data-settings=\"{&quot;_animation&quot;:&quot;slideInLeft&quot;}\" data-widget_type=\"spacer.default\">\n\t\t\t\t<div class=\"elementor-widget-container\">\n\t\t\t\t\t\t\t<div class=\"elementor-spacer\">\n\t\t\t<div class=\"elementor-spacer-inner\"><\/div>\n\t\t<\/div>\n\t\t\t\t\t\t<\/div>\n\t\t\t\t<\/div>\n\t\t\t\t<div class=\"elementor-element elementor-element-461038d5 elementor-widget elementor-widget-heading\" data-id=\"461038d5\" data-element_type=\"widget\" data-widget_type=\"heading.default\">\n\t\t\t\t<div class=\"elementor-widget-container\">\n\t\t\t\t\t<h3 class=\"elementor-heading-title elementor-size-default\"><b>\"\u00c1lomszer\u0171 cip\u0151ket viselni a l\u00e1bunkon annyit tesz, mint elkezdeni megval\u00f3s\u00edtani az \u00e1lmainkat.\" <\/b><br>\n<br>\n<i>(Roger Vivier)<\/i><\/h3>\t\t\t\t<\/div>\n\t\t\t\t<\/div>\n\t\t\t\t<div class=\"elementor-element elementor-element-13a1eade elementor-widget__width-initial elementor-invisible elementor-widget elementor-widget-spacer\" data-id=\"13a1eade\" data-element_type=\"widget\" data-settings=\"{&quot;_animation&quot;:&quot;slideInRight&quot;}\" data-widget_type=\"spacer.default\">\n\t\t\t\t<div class=\"elementor-widget-container\">\n\t\t\t\t\t\t\t<div class=\"elementor-spacer\">\n\t\t\t<div class=\"elementor-spacer-inner\"><\/div>\n\t\t<\/div>\n\t\t\t\t\t\t<\/div>\n\t\t\t\t<\/div>\n\t\t\t\t<div class=\"elementor-element elementor-element-4190f71a elementor-align-center elementor-widget elementor-widget-button\" data-id=\"4190f71a\" data-element_type=\"widget\" data-widget_type=\"button.default\">\n\t\t\t\t<div class=\"elementor-widget-container\">\n\t\t\t\t\t\t\t\t\t<div class=\"elementor-button-wrapper\">\n\t\t\t\t\t<a class=\"elementor-button elementor-button-link elementor-size-sm\" href=\"#\">\n\t\t\t\t\t\t<span class=\"elementor-button-content-wrapper\">\n\t\t\t\t\t\t\t\t\t<span class=\"elementor-button-text\">Teljes kollekci\u00f3<\/span>\n\t\t\t\t\t<\/span>\n\t\t\t\t\t<\/a>\n\t\t\t\t<\/div>\n\t\t\t\t\t\t\t\t<\/div>\n\t\t\t\t<\/div>\n\t\t\t\t<\/div>\n\t\t\t\t<\/div>","protected":false},"excerpt":{"rendered":"<p>K\u00f6sz\u00f6nj\u00fck bizalm\u00e1t! Hogyan tov\u00e1bb? Hamarosan keresni fogjuk el\u00e9rhet\u0151s\u00e9gei egyik\u00e9n, hogy egyeztess\u00fck az esetlegesen felmer\u00fcl\u0151 k\u00e9rd\u00e9seket. Addig is aj\u00e1nljuk figyelm\u00e9be a r\u00f3lunk \u00e9s \u00e1ltalunk k\u00e9sz\u00edtett cikkeket, h\u00edreket! Bejegyz\u00e9sek &#8222;\u00c1lomszer\u0171 cip\u0151ket viselni a l\u00e1bunkon annyit tesz, mint elkezdeni megval\u00f3s\u00edtani az \u00e1lmainkat.&#8221; (Roger Vivier) Teljes kollekci\u00f3<\/p>","protected":false},"author":1,"featured_media":0,"parent":0,"menu_order":0,"comment_status":"closed","ping_status":"closed","template":"elementor_header_footer","meta":{"footnotes":""},"class_list":["post-1086","page","type-page","status-publish"],"_links":{"self":[{"href":"https:\/\/kozmashoes.hu\/en\/wp-json\/wp\/v2\/pages\/1086","targetHints":{"allow":["GET"]}}],"collection":[{"href":"https:\/\/kozmashoes.hu\/en\/wp-json\/wp\/v2\/pages"}],"about":[{"href":"https:\/\/kozmashoes.hu\/en\/wp-json\/wp\/v2\/types\/page"}],"author":[{"embeddable":true,"href":"https:\/\/kozmashoes.hu\/en\/wp-json\/wp\/v2\/users\/1"}],"replies":[{"embeddable":true,"href":"https:\/\/kozmashoes.hu\/en\/wp-json\/wp\/v2\/comments?post=1086"}],"version-history":[{"count":0,"href":"https:\/\/kozmashoes.hu\/en\/wp-json\/wp\/v2\/pages\/1086\/revisions"}],"wp:attachment":[{"href":"https:\/\/kozmashoes.hu\/en\/wp-json\/wp\/v2\/media?parent=1086"}],"curies":[{"name":"wp","href":"https:\/\/api.w.org\/{rel}","templated":true}]}}